{"id":1151,"date":"2025-04-13T15:43:19","date_gmt":"2025-04-13T10:13:19","guid":{"rendered":"https:\/\/dermisdesign.com\/?page_id=1151"},"modified":"2025-10-05T12:09:29","modified_gmt":"2025-10-05T06:39:29","slug":"sustainability","status":"publish","type":"page","link":"https:\/\/dermisdesign.com\/fr\/sustainability\/","title":{"rendered":"\u00a0Sustainability"},"content":{"rendered":"<style>.elementor-1151 .elementor-element.elementor-element-aeded2e:not(.elementor-motion-effects-element-type-background), .elementor-1151 .elementor-element.elementor-element-aeded2e > .elementor-motion-effects-container > .elementor-motion-effects-layer{background-image:url(\"https:\/\/dermisdesign.com\/wp-content\/uploads\/2025\/01\/banner.png\");background-position:top center;background-repeat:no-repeat;background-size:cover;}.elementor-1151 .elementor-element.elementor-element-aeded2e > .elementor-background-overlay{background-color:transparent;background-image:linear-gradient(180deg, #02010100 0%, var( --e-global-color-126e583 ) 100%);opacity:0.5;transition:background 0.3s, border-radius 0.3s, opacity 0.3s;}.elementor-1151 .elementor-element.elementor-element-aeded2e > .elementor-container{max-width:1600px;min-height:561px;}.elementor-1151 .elementor-element.elementor-element-aeded2e{transition:background 0.3s, border 0.3s, border-radius 0.3s, box-shadow 0.3s;}.elementor-widget-heading .elementor-heading-title{font-family:var( --e-global-typography-primary-font-family ), Sans-serif;font-weight:var( --e-global-typography-primary-font-weight );color:var( --e-global-color-primary );}.elementor-1151 .elementor-element.elementor-element-7682084 > .elementor-widget-container{margin:0px 0px 11px 0px;}.elementor-1151 .elementor-element.elementor-element-7682084{text-align:start;}.elementor-1151 .elementor-element.elementor-element-7682084 .elementor-heading-title{color:var( --e-global-color-e5b0035 );}.elementor-widget-text-editor{font-family:var( --e-global-typography-text-font-family ), Sans-serif;font-weight:var( --e-global-typography-text-font-weight );color:var( --e-global-color-text );}.elementor-widget-text-editor.elementor-drop-cap-view-stacked .elementor-drop-cap{background-color:var( --e-global-color-primary );}.elementor-widget-text-editor.elementor-drop-cap-view-framed .elementor-drop-cap, .elementor-widget-text-editor.elementor-drop-cap-view-default .elementor-drop-cap{color:var( --e-global-color-primary );border-color:var( --e-global-color-primary );}.elementor-1151 .elementor-element.elementor-element-eb0f95d{font-family:\"Poppins\", Sans-serif;font-size:21px;font-weight:400;color:var( --e-global-color-e5b0035 );}.elementor-1151 .elementor-element.elementor-element-839cf10 > .elementor-container{max-width:1400px;}.elementor-1151 .elementor-element.elementor-element-839cf10{margin-top:0px;margin-bottom:0px;padding:50px 0px 50px 0px;}.elementor-1151 .elementor-element.elementor-element-f7803aa{color:var( --e-global-color-126e583 );}:root{--page-title-display:none;}<\/style>\t\t<div data-elementor-type=\"wp-page\" data-elementor-id=\"1151\" class=\"elementor elementor-1151\" data-elementor-post-type=\"page\">\n\t\t\t\t\t\t<section class=\"elementor-section elementor-top-section elementor-element elementor-element-aeded2e elementor-section-height-min-height elementor-section-items-bottom elementor-section-boxed elementor-section-height-default wpr-particle-no wpr-jarallax-no wpr-parallax-no wpr-sticky-section-no\" data-id=\"aeded2e\" data-element_type=\"section\" data-settings=\"{&quot;background_background&quot;:&quot;classic&quot;}\">\n\t\t\t\t\t\t\t<div class=\"elementor-background-overlay\"><\/div>\n\t\t\t\t\t\t\t<div class=\"elementor-container elementor-column-gap-default\">\n\t\t\t\t\t<div class=\"elementor-column elementor-col-100 elementor-top-column elementor-element elementor-element-f09ab0f\" data-id=\"f09ab0f\" data-element_type=\"column\">\n\t\t\t<div class=\"elementor-widget-wrap elementor-element-populated\">\n\t\t\t\t\t\t<div class=\"elementor-element elementor-element-7682084 elementor-widget elementor-widget-heading\" data-id=\"7682084\" data-element_type=\"widget\" data-widget_type=\"heading.default\">\n\t\t\t\t<div class=\"elementor-widget-container\">\n\t\t\t\t\t<h2 class=\"elementor-heading-title elementor-size-default\">Notre Responsabilit\u00e9 Durable de l&#039;Artisanat<\/h2>\t\t\t\t<\/div>\n\t\t\t\t<\/div>\n\t\t\t\t<div class=\"elementor-element elementor-element-eb0f95d elementor-widget elementor-widget-text-editor\" data-id=\"eb0f95d\" data-element_type=\"widget\" data-widget_type=\"text-editor.default\">\n\t\t\t\t<div class=\"elementor-widget-container\">\n\t\t\t\t\t\t\t\t\t<p>Derme Design prend soin de faire en sorte que les clients non seulement de regarder leur meilleur, mais aussi se sentir confiant en sachant que tous les mat\u00e9riaux et les processus \u00e0 l&#039;origine de nos collections est soigneusement examin\u00e9e. Avec un fort accent sur l&#039;approvisionnement \u00e9thique et de l&#039;artisanat, nous avons la priorit\u00e9 \u00e0 la qualit\u00e9 et la durabilit\u00e9 dans chaque \u00e9tape de notre processus de cr\u00e9ation.<\/p>\t\t\t\t\t\t\t\t<\/div>\n\t\t\t\t<\/div>\n\t\t\t\t\t<\/div>\n\t\t<\/div>\n\t\t\t\t\t<\/div>\n\t\t<\/section>\n\t\t\t\t<section class=\"elementor-section elementor-top-section elementor-element elementor-element-839cf10 elementor-section-boxed elementor-section-height-default elementor-section-height-default wpr-particle-no wpr-jarallax-no wpr-parallax-no wpr-sticky-section-no\" data-id=\"839cf10\" data-element_type=\"section\">\n\t\t\t\t\t\t<div class=\"elementor-container elementor-column-gap-default\">\n\t\t\t\t\t<div class=\"elementor-column elementor-col-100 elementor-top-column elementor-element elementor-element-d63fda0\" data-id=\"d63fda0\" data-element_type=\"column\">\n\t\t\t<div class=\"elementor-widget-wrap elementor-element-populated\">\n\t\t\t\t\t\t<div class=\"elementor-element elementor-element-f7803aa elementor-widget elementor-widget-text-editor\" data-id=\"f7803aa\" data-element_type=\"widget\" data-widget_type=\"text-editor.default\">\n\t\t\t\t<div class=\"elementor-widget-container\">\n\t\t\t\t\t\t\t\t\t<p><strong>Responsable De La Production Et De L&#039;Inventaire De La Politique De<\/strong><\/p><p>Derme Conception a commenc\u00e9 comme une marque l&#039;ordre et continue de l&#039;embrasser un peu de mod\u00e8le d&#039;inventaire. Cette juste-\u00e0-temps de la strat\u00e9gie de production s&#039;assure que la fabrication aligne directement la demande de la client\u00e8le, de la pr\u00e9vention de la surproduction. En gardant la cha\u00eene d&#039;approvisionnement efficace et la r\u00e9duction de l&#039;exc\u00e8s de stocks, la marque de r\u00e9duire au minimum les d\u00e9chets, tout en maintenant un fort accent sur la qualit\u00e9 de fabrication. De plus, cette m\u00e9thode renforce son engagement en faveur de techniques artisanales, de s&#039;assurer que chaque pi\u00e8ce est soigneusement con\u00e7u avec une attention aux d\u00e9tails.<\/p><p><strong>Notre Engagement envers la Durabilit\u00e9<\/strong><\/p><p>Par le maintien d&#039;un maigre inventaire, nous avons activement d&#039;\u00e9viter la surproduction, minimiser les d\u00e9chets et de r\u00e9duire notre empreinte environnementale. Notre juste-\u00e0-temps mod\u00e8le de production \u00e9limine la n\u00e9cessit\u00e9 pour de grandes installations de stockage, l&#039;abaissement de la consommation d&#039;\u00e9nergie pour le chauffage, le refroidissement et l&#039;\u00e9clairage, tout aussi \u00e0 r\u00e9duire les \u00e9missions excessives de transport et de l&#039;entreposage. Nous donnons la priorit\u00e9 de haute qualit\u00e9, responsable source de cuir, assurant une durabilit\u00e9 exceptionnelle et durable \u00e0 l&#039;usure. Comme une marque de luxe enracin\u00e9e dans l&#039;artisanat, nous mettons l&#039;accent sur l&#039;art sur la production de masse, la collaboration avec un c\u00e9l\u00e8bre atelier de en Inde, avec plus de 30 ann\u00e9es d&#039;exp\u00e9rience afin de pr\u00e9server la riche tradition de cuir et shearling de l&#039;artisanat.<\/p><p><strong>Cuir Groupe De Travail De Certification<\/strong><\/p><ul><li>Nous nous approvisionnons en cuir exclusivement en Cuir de Travail de Groupe (LWG) des fournisseurs certifi\u00e9s, garantissant le respect de l&#039;\u00e9thique et des pratiques respectueuses de l&#039;environnement au sein de l&#039;industrie du cuir. LWG de certification implique une \u00e9valuation compl\u00e8te des fournisseurs, \u00e9valuation des facteurs cl\u00e9s tels que la gestion des d\u00e9chets, l&#039;efficacit\u00e9 \u00e9nerg\u00e9tique, la conservation de l&#039;eau, et l&#039;utilisation de produits chimiques pour promouvoir la durabilit\u00e9. En partenariat avec LWG-fournisseurs certifi\u00e9s, nous renfor\u00e7ons notre engagement envers la gestion responsable de l&#039;approvisionnement, de la g\u00e9rance de l&#039;environnement et de la r\u00e9duction de notre empreinte \u00e9cologique.<\/li><li>En outre, LWG certification mandats tr\u00e8s strictes de l&#039;industrie de la conformit\u00e9, y compris pour l&#039;alimentation tra\u00e7abilit\u00e9 de la cha\u00eene, ce qui garantit la transparence sur l&#039;origine des mati\u00e8res premi\u00e8res. Les fournisseurs certifi\u00e9s doivent \u00e9galement respecter chimique responsable des pratiques de gestion, la r\u00e9duction des risques potentiels pour la sant\u00e9 humaine et l&#039;environnement. Cette certification garantit aux consommateurs et aux parties prenantes que notre production de cuir s&#039;aligne avec les plus hautes normes de durabilit\u00e9.<\/li><\/ul><h4><strong>Le Bien-\u00catre Animal Politique<\/strong><\/h4><p><strong>L&#039;engagement de l&#039;Approvisionnement \u00c9thique<\/strong><\/p><p>Derme Design est d\u00e9di\u00e9 \u00e0 \u00e9thiques, sociaux, environnementaux et de la responsabilit\u00e9, de veiller \u00e0 ce que tous les animaux-mat\u00e9riaux d\u00e9riv\u00e9s sont obtenus avec les plus hautes normes de bien-\u00eatre. La marque reconna\u00eet que le d\u00e9veloppement durable et l&#039;approvisionnement \u00e9thique aller main dans la main, de renforcer son engagement en faveur de la biodiversit\u00e9 et de la pr\u00e9servation de l&#039;environnement.<\/p><p><strong>Responsable De La Cha\u00eene D&#039;Approvisionnement<\/strong><\/p><p>Derme Conception d\u00e9fend une \u00e9thique rigoureuse \u00e0 travers sa cha\u00eene d&#039;approvisionnement. Le bien-\u00eatre Animal politique (\u201cPolitique\u201d) \u00e9tablit clairement les lignes directrices d&#039;approvisionnement responsable, d&#039;assurer un traitement humain des animaux. Cette politique s&#039;applique \u00e0 des mat\u00e9riaux tels que des beaux cuirs (y compris les esp\u00e8ces exotiques), les esp\u00e8ces sauvages, les moutons, les ch\u00e8vres, les bovins de l&#039;esp\u00e8ce, et les veaux.<\/p><p><strong>Les Cinq Libert\u00e9s de bien-\u00eatre Animal<\/strong><\/p><p>Derme Conception exige des fournisseurs \u00e0 suivre internationalement reconnus de Cinq Libert\u00e9s, \u00e9tabli par le royaume-UNI Farm Animal Welfare Council en 1979:<\/p><ul><li>La libert\u00e9 de la Faim &amp; de la Soif \u2013 l&#039;Acc\u00e8s \u00e0 une alimentation nutritive.<\/li><li>La libert\u00e9 de l&#039;Inconfort \u2013 Un milieu de vie adapt\u00e9.<\/li><li>La libert\u00e9 de la Douleur, les Blessures &amp; Maladie \u2013 soins m\u00e9dicaux Appropri\u00e9s et de pr\u00e9vention.<\/li><li>La libert\u00e9 d&#039;Exprimer un Comportement Normal d&#039;Espace, des installations et de l&#039;interaction sociale.<\/li><li>La libert\u00e9 de la Peur et de la D\u00e9tresse \u2013 le Stress-libre et un traitement humain.<\/li><\/ul><p><strong>De La Conformit\u00e9 Et De Normes \u00c9thiques<\/strong><\/p><ul><li>Toutes les mati\u00e8res premi\u00e8res doivent provenir de pays avec une r\u00e9glementation stricte sur la protection des animaux.<\/li><li>Les fournisseurs doivent divulguer les esp\u00e8ces les d\u00e9tails et les pays d&#039;origine.<\/li><li>Pour les esp\u00e8ces inscrites \u00e0 la CITES, de la pleine conformit\u00e9 avec la Convention sur le Commerce International des Esp\u00e8ces Menac\u00e9es d&#039;extinction (CITES) est n\u00e9cessaire.<\/li><li>Le respect des lois nationales et internationales, les certifications et les normes \u00e9thiques est obligatoire.<\/li><\/ul><p><strong>La Collaboration De L&#039;Industrie<\/strong><\/p><ul><li>Derme Design collabore avec des organismes de certification et les partenaires de l&#039;industrie pour promouvoir la responsabilit\u00e9 de bronzage de pratiques et d&#039;am\u00e9liorer le bien-\u00eatre animal \u00e0 travers sa cha\u00eene d&#039;approvisionnement.<\/li><li>Par la mise en \u0153uvre de cette politique, le Derme Conception assure \u00e9thique, durable, et les pratiques d&#039;approvisionnement responsable qui est en ad\u00e9quation avec ses valeurs fondamentales.<\/li><\/ul>\t\t\t\t\t\t\t\t<\/div>\n\t\t\t\t<\/div>\n\t\t\t\t\t<\/div>\n\t\t<\/div>\n\t\t\t\t\t<\/div>\n\t\t<\/section>\n\t\t\t\t<\/div>","protected":false},"excerpt":{"rendered":"<p>Our Responsibility for Sustainable Craftsmanship Dermis Design takes pride in ensuring that customers not only look their best but also feel confident knowing that every material and process behind our collections is carefully considered. With a strong focus on ethical sourcing and craftsmanship, we prioritize quality and sustainability in every step of our creation process. Responsible Production &amp; Inventory Policy Dermis Design started as a made-to-order brand and continues to embrace a minimal-inventory model. This just-in-time production strategy ensures that manufacturing aligns directly with customer demand, preventing overproduction. By keeping the supply chain efficient and reducing excess stock, the brand minimizes waste while maintaining a strong focus on high-quality craftsmanship. This method also reinforces its commitment to artisanal techniques, ensuring that every piece is carefully crafted with attention to detail. Our Commitment to Sustainability By maintaining a lean inventory, we actively prevent overproduction, minimize waste, and reduce our environmental footprint. Our just-in-time production model eliminates the need for large storage facilities, lowering energy consumption for heating, cooling, and lighting while also cutting down emissions from excessive transportation and warehousing. We prioritize high-quality, responsibly sourced leather, ensuring exceptional durability and long-lasting wear. As a luxury brand rooted in craftsmanship, we emphasize artistry over mass production, collaborating with a renowned atelier in India with over 30 years of experience to preserve the rich tradition of leather and shearling craftsmanship. Leather Working Group Certification We source our leather exclusively from Leather Working Group (LWG) certified suppliers, ensuring adherence to ethical and environmentally responsible practices within the leather industry. LWG certification involves a comprehensive assessment of suppliers, evaluating key factors such as waste management, energy efficiency, water conservation, and chemical usage to promote sustainability. By partnering with LWG-certified suppliers, we reinforce our commitment to responsible sourcing, environmental stewardship, and reducing our ecological footprint. Additionally, LWG certification mandates strict industry compliance, including supply chain traceability, which guarantees transparency regarding the origin of raw materials. Certified suppliers must also adhere to responsible chemical management practices, minimizing potential risks to both human health and the environment. This certification provides assurance to consumers and stakeholders that our leather production aligns with the highest sustainability standards. Animal Welfare Policy Commitment to Ethical Sourcing Dermis Design is dedicated to ethical, social, and environmental responsibility, ensuring that all animal-derived materials are sourced with the highest welfare standards. The brand recognizes that sustainable development and ethical sourcing go hand in hand, reinforcing its commitment to biodiversity and environmental preservation. Responsible Supply Chain Dermis Design upholds strict ethical standards across its supply chain. The Animal Welfare Policy (&#8220;Policy&#8221;) sets clear guidelines on responsible sourcing, ensuring humane treatment of animals. This policy applies to materials such as fine leathers (including exotic species), wild species, sheep, goats, bovine species, and calves. The Five Freedoms of Animal Welfare Dermis Design requires suppliers to follow the internationally recognized Five Freedoms, established by the UK Farm Animal Welfare Council in 1979: Freedom from Hunger &amp; Thirst \u2013 Access to a nutritious diet. Freedom from Discomfort \u2013 A suitable living environment. Freedom from Pain, Injury &amp; Disease \u2013 Proper medical care and prevention. Freedom to Express Normal Behavior \u2013 Space, facilities, and social interaction. Freedom from Fear &amp; Distress \u2013 Stress-free and humane treatment. Compliance &amp; Ethical Standards All raw materials must come from countries with strict regulations on animal welfare. Suppliers must disclose species details and country of origin. For CITES-listed species, full compliance with the Convention on International Trade in Endangered Species (CITES) is required. Adherence to national and international laws, certifications, and ethical standards is mandatory. Industry Collaboration Dermis Design collaborates with certification bodies and industry partners to promote responsible tanning practices and improve animal welfare across its supply chain. By implementing this policy, Dermis Design ensures ethical, sustainable, and responsible sourcing practices that align with its core values.<\/p>","protected":false},"author":2,"featured_media":0,"parent":0,"menu_order":0,"comment_status":"closed","ping_status":"closed","template":"","meta":{"footnotes":""},"class_list":["post-1151","page","type-page","status-publish","hentry"],"_links":{"self":[{"href":"https:\/\/dermisdesign.com\/fr\/wp-json\/wp\/v2\/pages\/1151","targetHints":{"allow":["GET"]}}],"collection":[{"href":"https:\/\/dermisdesign.com\/fr\/wp-json\/wp\/v2\/pages"}],"about":[{"href":"https:\/\/dermisdesign.com\/fr\/wp-json\/wp\/v2\/types\/page"}],"author":[{"embeddable":true,"href":"https:\/\/dermisdesign.com\/fr\/wp-json\/wp\/v2\/users\/2"}],"replies":[{"embeddable":true,"href":"https:\/\/dermisdesign.com\/fr\/wp-json\/wp\/v2\/comments?post=1151"}],"version-history":[{"count":10,"href":"https:\/\/dermisdesign.com\/fr\/wp-json\/wp\/v2\/pages\/1151\/revisions"}],"predecessor-version":[{"id":4296,"href":"https:\/\/dermisdesign.com\/fr\/wp-json\/wp\/v2\/pages\/1151\/revisions\/4296"}],"wp:attachment":[{"href":"https:\/\/dermisdesign.com\/fr\/wp-json\/wp\/v2\/media?parent=1151"}],"curies":[{"name":"wp","href":"https:\/\/api.w.org\/{rel}","templated":true}]}}